{"id":13,"date":"2019-04-01T21:52:31","date_gmt":"2019-04-01T19:52:31","guid":{"rendered":"http:\/\/science-ux.de\/en\/?page_id=13"},"modified":"2025-10-30T16:50:06","modified_gmt":"2025-10-30T15:50:06","slug":"imprint","status":"publish","type":"page","link":"https:\/\/easc-ev.org\/en\/imprint\/","title":{"rendered":"Imprint"},"content":{"rendered":"<div id=\"pl-13\"  class=\"panel-layout\" ><div id=\"pg-13-0\"  class=\"panel-grid panel-no-style\" ><div id=\"pgc-13-0-0\"  class=\"panel-grid-cell\" ><div id=\"panel-13-0-0-0\" class=\"so-panel widget widget_headline_widget panel-first-child panel-last-child\" data-index=\"0\" ><h1>Imprint<\/h1><\/div><\/div><\/div><div id=\"pg-13-1\"  class=\"panel-grid panel-no-style\" ><div id=\"pgc-13-1-0\"  class=\"panel-grid-cell\" ><div id=\"panel-13-1-0-0\" class=\"so-panel widget widget_sow-editor panel-first-child panel-last-child\" data-index=\"1\" ><div\n\t\t\t\n\t\t\tclass=\"so-widget-sow-editor so-widget-sow-editor-base\"\n\t\t\t\n\t\t>\n<div class=\"siteorigin-widget-tinymce textwidget\">\n\t<p><span style=\"color: #dc0a3b;\"><b>Adresse<\/b><\/span><\/p>\n<p>European Aviation Security Center EASC e.V.<span class=\"Apple-converted-space\"><br \/>\n<\/span>Flugplatz, Haus 2<span class=\"Apple-converted-space\"><br \/>\n<\/span>14959 Trebbin - Sch\u00f6nhagen<\/p>\n<p>Henry Bunge<\/p>\n<p><span style=\"color: #dc0a3b;\"><b>Registergericht<\/b><\/span><\/p>\n<p>Amtsgericht Potsdam<\/p>\n<p><span style=\"color: #dc0a3b;\"><b>Registernummer<\/b><\/span><\/p>\n<p>VR 7367 P<\/p>\n<p><span style=\"color: #dc0a3b;\"><b>UST-ID<\/b><\/span><\/p>\n<p>DE 270 234 250<\/p>\n<p><span style=\"color: #dc0a3b;\"><b>Inhaltlich Verantwortlicher gem\u00e4\u00df<br \/>\n\u00a710 Absatz 3 MDStV<\/b><\/span><\/p>\n<p>Henry Bunge (Anschrift wie oben)<\/p>\n<p><span style=\"color: #dc0a3b;\"><b>Bildnachweise<\/b><\/span><\/p>\n<p class=\"p1\">alexandru-g-stavrica-1375057-unsplash<br \/>\nferdinand-stohr-452456-unsplash<br \/>\njacek-dylag-664376-unsplash<br \/>\nkrzysztof-kowalik-1095213-unsplash<br \/>\nnathan-hobbs-1253226-unsplash<\/p>\n<\/div>\n<\/div><\/div><\/div><div id=\"pgc-13-1-1\"  class=\"panel-grid-cell\" ><div id=\"panel-13-1-1-0\" class=\"so-panel widget widget_sow-editor panel-first-child panel-last-child\" data-index=\"2\" ><div\n\t\t\t\n\t\t\tclass=\"so-widget-sow-editor so-widget-sow-editor-base\"\n\t\t\t\n\t\t>\n<div class=\"siteorigin-widget-tinymce textwidget\">\n\t<p><span style=\"color: #dc0a3b;\"><b>Haftungshinweis<\/b><\/span><\/p>\n<p>Trotz sorgf\u00e4ltiger inhaltlicher Kontrolle \u00fcbernehmen wir keine Haftung f\u00fcr die Inhalte externer Links. F\u00fcr den Inhalt der verlinkten Seiten sind ausschlie\u00dflich deren Betreiber verantwortlich.<\/p>\n<p>Der EASC \u2013 European Aviation Security Center - pr\u00fcft und aktualisiert die Inhalte ihres Internet-Angebotes sorgf\u00e4ltig und regelm\u00e4\u00dfig nach bestem Wissen. Alle Angaben und Links dienen der allgemeinen Information. Sie stellen keine gesch\u00e4ftliche, rechtliche oder sonstige Beratung dar. Der EASC \u00fcbernimmt keine Gew\u00e4hr f\u00fcr die Richtigkeit, Aktualit\u00e4t und Vollst\u00e4ndigkeit der auf der Website zusammengestellten Informationen. Auch f\u00fcr die Inhalte und Funktion der Websites, auf die mittels Hyperlink verwiesen wird, \u00fcbernimmt der EASC keine Verantwortung.<\/p>\n<p>Die auf der Website ver\u00f6ffentlichten Rechtsgrundlagen sind sorgf\u00e4ltig zusammengestellt. Sie erheben aber keinen Anspruch auf Aktualit\u00e4t, sachliche Korrektheit oder Vollst\u00e4ndigkeit. Hierf\u00fcr \u00fcbernimmt der EASC keine Gew\u00e4hr.<\/p>\n<p>Die Funktion der Website wird regelm\u00e4\u00dfig gepr\u00fcft. F\u00fcr eventuelle Probleme oder Sch\u00e4den, die beim Herunterladen von Dateien aus dem Internetangebot des EASC auftreten k\u00f6nnten, wird keine Haftung \u00fcbernommen.<\/p>\n<\/div>\n<\/div><\/div><\/div><\/div><\/div>","protected":false},"excerpt":{"rendered":"<p>Imprint Adresse European Aviation Security Center EASC e.V. Flugplatz, Haus 2 14959 Trebbin &#8211; Sch\u00f6nhagen Henry Bunge Registergericht Amtsgericht Potsdam Registernummer VR 7367 P UST-ID DE 270 234 250 Inhaltlich Verantwortlicher gem\u00e4\u00df \u00a710 Absatz 3 MDStV Henry Bunge (Anschrift wie oben) Bildnachweise alexandru-g-stavrica-1375057-unsplash ferdinand-stohr-452456-unsplash jacek-dylag-664376-unsplash krzysztof-kowalik-1095213-unsplash nathan-hobbs-1253226-unsplash Haftungshinweis Trotz sorgf\u00e4ltiger inhaltlicher Kontrolle \u00fcbernehmen wir keine [&hellip;]<\/p>\n","protected":false},"author":1,"featured_media":35,"parent":0,"menu_order":0,"comment_status":"closed","ping_status":"closed","template":"","meta":{"footnotes":""},"class_list":["post-13","page","type-page","status-publish","has-post-thumbnail","hentry"],"_links":{"self":[{"href":"https:\/\/easc-ev.org\/en\/wp-json\/wp\/v2\/pages\/13","targetHints":{"allow":["GET"]}}],"collection":[{"href":"https:\/\/easc-ev.org\/en\/wp-json\/wp\/v2\/pages"}],"about":[{"href":"https:\/\/easc-ev.org\/en\/wp-json\/wp\/v2\/types\/page"}],"author":[{"embeddable":true,"href":"https:\/\/easc-ev.org\/en\/wp-json\/wp\/v2\/users\/1"}],"replies":[{"embeddable":true,"href":"https:\/\/easc-ev.org\/en\/wp-json\/wp\/v2\/comments?post=13"}],"version-history":[{"count":4,"href":"https:\/\/easc-ev.org\/en\/wp-json\/wp\/v2\/pages\/13\/revisions"}],"predecessor-version":[{"id":576,"href":"https:\/\/easc-ev.org\/en\/wp-json\/wp\/v2\/pages\/13\/revisions\/576"}],"wp:featuredmedia":[{"embeddable":true,"href":"https:\/\/easc-ev.org\/en\/wp-json\/wp\/v2\/media\/35"}],"wp:attachment":[{"href":"https:\/\/easc-ev.org\/en\/wp-json\/wp\/v2\/media?parent=13"}],"curies":[{"name":"wp","href":"https:\/\/api.w.org\/{rel}","templated":true}]}}